{"id":50,"date":"2024-05-10T17:35:03","date_gmt":"2024-05-10T17:35:03","guid":{"rendered":"https:\/\/sundemaver.dk\/?page_id=50"},"modified":"2024-05-10T17:38:03","modified_gmt":"2024-05-10T17:38:03","slug":"vi-takker","status":"publish","type":"page","link":"https:\/\/turbinehus.dk\/?page_id=50","title":{"rendered":"Vi takker&#8230;"},"content":{"rendered":"\t\t<div data-elementor-type=\"wp-page\" data-elementor-id=\"50\" class=\"elementor elementor-50\" data-elementor-post-type=\"page\">\n\t\t\t\t<div class=\"elementor-element elementor-element-f0d9546 e-flex e-con-boxed e-con e-parent\" data-id=\"f0d9546\" data-element_type=\"container\">\n\t\t\t\t\t<div class=\"e-con-inner\">\n\t\t<div class=\"elementor-element elementor-element-caf0f3f e-con-full e-flex e-con e-child\" data-id=\"caf0f3f\" data-element_type=\"container\">\n\t\t\t\t<div class=\"elementor-element elementor-element-ad6be99 elementor-widget elementor-widget-text-editor\" data-id=\"ad6be99\" data-element_type=\"widget\" data-widget_type=\"text-editor.default\">\n\t\t\t\t<div class=\"elementor-widget-container\">\n\t\t\t\t\t\t\t\t\t<p><b><span style=\"color: var( --e-global-color-text ); font-family: var( --e-global-typography-text-font-family ), Sans-serif; text-align: var(--text-align); font-size: 1rem;\">Uden hj\u00e6lp vil dette projekt aldrig have v\u00e6ret muligt, derfor en stor tak til:<\/span><br \/><\/b><\/p><p><strong>Halsn\u00e6s Kommune<\/strong> &#8211; Total udvendig renovering af Turbinehuset, med ny port og glaspartier, installation af elektrisk lys, udvendig renovering af transformerhus.<br \/><strong>Axel Surland<\/strong>, grafiker &#8211; Design af Logo og Brevpapir<br \/><strong>Peter Fjeldal<\/strong>, Direkt\u00f8r &#8211; Trykning af dokumenter, annonce i Halsn\u00e6s Avis<br \/><strong>Lars Blickfeldt<\/strong>, Direkt\u00f8r og <strong>Jacob Holte<\/strong> &#8211; Oprettelse af netbank konto og Mobil Pay<br \/><strong>Jan Eriksen<\/strong>, Skjold Bourne &#8211; Levering af div. inventar.<br \/><strong>Axel Hvidtfeldt<\/strong> &#8211; Diverse kontorartikler, internet, telefon, computer mm.<br \/><strong>Arne Poulsen<\/strong>, formand Bindslev Gamle Elv\u00e6rk &#8211; Billeder, illustrationer, beskrivelser, manualer, video<br \/><strong>Bj\u00f8rn Westerbeek Dahl<\/strong> &#8211; Historisk kildemateriale<br \/><strong>Jens Ole Andersen<\/strong>, skovfoged &#8211; Billedmateriale<br \/><strong>Allan Hansen<\/strong>, fotograf &#8211; Foto dokumentation<br \/><strong>Ulrik M\u00fcnster-Swensen<\/strong>, Gjethuset &#8211; M\u00f8defaciliteter<\/p>\t\t\t\t\t\t\t\t<\/div>\n\t\t\t\t<\/div>\n\t\t\t\t<\/div>\n\t\t<div class=\"elementor-element elementor-element-74dcc09 e-con-full e-flex e-con e-child\" data-id=\"74dcc09\" data-element_type=\"container\">\n\t\t\t\t<\/div>\n\t\t\t\t\t<\/div>\n\t\t\t\t<\/div>\n\t\t\t\t<\/div>\n\t\t","protected":false},"excerpt":{"rendered":"<p>Uden hj\u00e6lp vil dette projekt aldrig have v\u00e6ret muligt, derfor en stor tak til: Halsn\u00e6s Kommune &#8211; Total udvendig renovering af Turbinehuset, med ny port og glaspartier, installation af elektrisk lys, udvendig renovering af transformerhus.Axel Surland, grafiker &#8211; Design af Logo og BrevpapirPeter Fjeldal, Direkt\u00f8r &#8211; Trykning af dokumenter, annonce i Halsn\u00e6s AvisLars Blickfeldt, Direkt\u00f8r [&hellip;]<\/p>\n","protected":false},"author":1,"featured_media":0,"parent":0,"menu_order":0,"comment_status":"closed","ping_status":"closed","template":"","meta":{"footnotes":""},"class_list":["post-50","page","type-page","status-publish","hentry"],"_links":{"self":[{"href":"https:\/\/turbinehus.dk\/index.php?rest_route=\/wp\/v2\/pages\/50","targetHints":{"allow":["GET"]}}],"collection":[{"href":"https:\/\/turbinehus.dk\/index.php?rest_route=\/wp\/v2\/pages"}],"about":[{"href":"https:\/\/turbinehus.dk\/index.php?rest_route=\/wp\/v2\/types\/page"}],"author":[{"embeddable":true,"href":"https:\/\/turbinehus.dk\/index.php?rest_route=\/wp\/v2\/users\/1"}],"replies":[{"embeddable":true,"href":"https:\/\/turbinehus.dk\/index.php?rest_route=%2Fwp%2Fv2%2Fcomments&post=50"}],"version-history":[{"count":4,"href":"https:\/\/turbinehus.dk\/index.php?rest_route=\/wp\/v2\/pages\/50\/revisions"}],"predecessor-version":[{"id":54,"href":"https:\/\/turbinehus.dk\/index.php?rest_route=\/wp\/v2\/pages\/50\/revisions\/54"}],"wp:attachment":[{"href":"https:\/\/turbinehus.dk\/index.php?rest_route=%2Fwp%2Fv2%2Fmedia&parent=50"}],"curies":[{"name":"wp","href":"https:\/\/api.w.org\/{rel}","templated":true}]}}