{"id":41,"date":"2024-05-10T17:28:09","date_gmt":"2024-05-10T17:28:09","guid":{"rendered":"https:\/\/sundemaver.dk\/?page_id=41"},"modified":"2024-05-10T17:33:59","modified_gmt":"2024-05-10T17:33:59","slug":"historien","status":"publish","type":"page","link":"https:\/\/turbinehus.dk\/?page_id=41","title":{"rendered":"Historien"},"content":{"rendered":"\t\t<div data-elementor-type=\"wp-page\" data-elementor-id=\"41\" class=\"elementor elementor-41\" data-elementor-post-type=\"page\">\n\t\t\t\t<div class=\"elementor-element elementor-element-9bd078a e-flex e-con-boxed e-con e-parent\" data-id=\"9bd078a\" data-element_type=\"container\">\n\t\t\t\t\t<div class=\"e-con-inner\">\n\t\t\t\t<div class=\"elementor-element elementor-element-14c9131 elementor-widget elementor-widget-text-editor\" data-id=\"14c9131\" data-element_type=\"widget\" data-widget_type=\"text-editor.default\">\n\t\t\t\t<div class=\"elementor-widget-container\">\n\t\t\t\t\t\t\t\t\t<p><em><strong>Frit efter H.C. Andersen<\/strong><\/em><\/p><p>Der var en gang en by, som havde f\u00e5et sit navn efter Kongen i landet. Midt i byen havde nogen opf\u00f8rt en h\u00e6slig mur og et grimt plankev\u00e6rk. Ingen kunne l\u00e6ngere huske hvorfor den h\u00e6slige mur var blevet bygget p\u00e5 netop dette sted. Man havde bare v\u00e6nnet sig til, at s\u00e5dan s\u00e5 byen ud.<\/p>\t\t\t\t\t\t\t\t<\/div>\n\t\t\t\t<\/div>\n\t\t\t\t<div class=\"elementor-element elementor-element-ef03b87 elementor-widget elementor-widget-image\" data-id=\"ef03b87\" data-element_type=\"widget\" data-widget_type=\"image.default\">\n\t\t\t\t<div class=\"elementor-widget-container\">\n\t\t\t\t\t\t\t\t\t\t\t\t\t\t\t<img fetchpriority=\"high\" decoding=\"async\" width=\"800\" height=\"451\" src=\"https:\/\/turbinehus.dk\/wp-content\/uploads\/2024\/05\/1-1024x577.jpg\" class=\"attachment-large size-large wp-image-44\" alt=\"\" srcset=\"https:\/\/turbinehus.dk\/wp-content\/uploads\/2024\/05\/1-1024x577.jpg 1024w, https:\/\/turbinehus.dk\/wp-content\/uploads\/2024\/05\/1-300x169.jpg 300w, https:\/\/turbinehus.dk\/wp-content\/uploads\/2024\/05\/1-768x433.jpg 768w, https:\/\/turbinehus.dk\/wp-content\/uploads\/2024\/05\/1-1536x866.jpg 1536w, https:\/\/turbinehus.dk\/wp-content\/uploads\/2024\/05\/1.jpg 1600w\" sizes=\"(max-width: 800px) 100vw, 800px\" \/>\t\t\t\t\t\t\t\t\t\t\t\t\t\t\t<\/div>\n\t\t\t\t<\/div>\n\t\t\t\t<div class=\"elementor-element elementor-element-8ad85ec elementor-widget elementor-widget-text-editor\" data-id=\"8ad85ec\" data-element_type=\"widget\" data-widget_type=\"text-editor.default\">\n\t\t\t\t<div class=\"elementor-widget-container\">\n\t\t\t\t\t\t\t\t\t<p>Men s\u00e5 en dag fik en kreds af byens borgere den id\u00e9, at de ville g\u00f8re byen smukkere, s\u00e5 de kunne blive mere glade for at bo der. Det lykkedes dem at overbevise byens vise f\u00e6dre om, at de skulle finde penge i byens kasse, s\u00e5 muren kunne blive revet ned. Og nu rives det grimme plankev\u00e6rk ogs\u00e5 ned. Da muren f\u00f8rst var j\u00e6vnet med jorden dukkede det nydeligste lille gule hus frem.<\/p><p>\u00a0<\/p>\t\t\t\t\t\t\t\t<\/div>\n\t\t\t\t<\/div>\n\t\t\t\t<div class=\"elementor-element elementor-element-79df9c2 elementor-widget elementor-widget-image\" data-id=\"79df9c2\" data-element_type=\"widget\" data-widget_type=\"image.default\">\n\t\t\t\t<div class=\"elementor-widget-container\">\n\t\t\t\t\t\t\t\t\t\t\t\t\t\t\t<img decoding=\"async\" width=\"800\" height=\"450\" src=\"https:\/\/turbinehus.dk\/wp-content\/uploads\/2024\/05\/2-1024x576.jpg\" class=\"attachment-large size-large wp-image-45\" alt=\"\" srcset=\"https:\/\/turbinehus.dk\/wp-content\/uploads\/2024\/05\/2-1024x576.jpg 1024w, https:\/\/turbinehus.dk\/wp-content\/uploads\/2024\/05\/2-300x169.jpg 300w, https:\/\/turbinehus.dk\/wp-content\/uploads\/2024\/05\/2-768x432.jpg 768w, https:\/\/turbinehus.dk\/wp-content\/uploads\/2024\/05\/2-1536x864.jpg 1536w, https:\/\/turbinehus.dk\/wp-content\/uploads\/2024\/05\/2.jpg 1600w\" sizes=\"(max-width: 800px) 100vw, 800px\" \/>\t\t\t\t\t\t\t\t\t\t\t\t\t\t\t<\/div>\n\t\t\t\t<\/div>\n\t\t\t\t<div class=\"elementor-element elementor-element-e964ae0 elementor-widget elementor-widget-text-editor\" data-id=\"e964ae0\" data-element_type=\"widget\" data-widget_type=\"text-editor.default\">\n\t\t\t\t<div class=\"elementor-widget-container\">\n\t\t\t\t\t\t\t\t\t<p>\u00a0<\/p><p>Man sagde, at huset som det eneste, var blevet sk\u00e5net fra nedrivningen af alle byens 300 \u00e5r gamle industrianl\u00e6g. Wiren med nedrivningskuglen var nemlig for kort. Da huset f\u00f8rst var kommet til syne blev det sat i stand og st\u00e5r nu i sit fineste puds. Inde i huset findes et 83 \u00e5r gammelt maskineri best\u00e5ende af en elektrisk generator, som var drevet af en vandturbine. Derfor har huset f\u00e5et navnet TURBINEHUSET. Det gamle maskineri har ikke v\u00e6ret i brug det sidste halvt \u00e5rhundrede. Det er planen, at ogs\u00e5 maskineriet skal pudses op, s\u00e5 det kan k\u00f8re rundt. Byens borgere og m\u00e5ske turister kan herefter blive budt indenfor for at se og m\u00e6rke den sidste rest af det, der engang var Danmarks f\u00f8rste industrielle kompleks.<\/p>\t\t\t\t\t\t\t\t<\/div>\n\t\t\t\t<\/div>\n\t\t\t\t<div class=\"elementor-element elementor-element-574885a elementor-widget elementor-widget-image\" data-id=\"574885a\" data-element_type=\"widget\" data-widget_type=\"image.default\">\n\t\t\t\t<div class=\"elementor-widget-container\">\n\t\t\t\t\t\t\t\t\t\t\t\t\t\t\t<img decoding=\"async\" width=\"800\" height=\"453\" src=\"https:\/\/turbinehus.dk\/wp-content\/uploads\/2024\/05\/3-1024x580.jpg\" class=\"attachment-large size-large wp-image-46\" alt=\"\" srcset=\"https:\/\/turbinehus.dk\/wp-content\/uploads\/2024\/05\/3-1024x580.jpg 1024w, https:\/\/turbinehus.dk\/wp-content\/uploads\/2024\/05\/3-300x170.jpg 300w, https:\/\/turbinehus.dk\/wp-content\/uploads\/2024\/05\/3-768x435.jpg 768w, https:\/\/turbinehus.dk\/wp-content\/uploads\/2024\/05\/3-1536x870.jpg 1536w, https:\/\/turbinehus.dk\/wp-content\/uploads\/2024\/05\/3.jpg 1600w\" sizes=\"(max-width: 800px) 100vw, 800px\" \/>\t\t\t\t\t\t\t\t\t\t\t\t\t\t\t<\/div>\n\t\t\t\t<\/div>\n\t\t\t\t\t<\/div>\n\t\t\t\t<\/div>\n\t\t\t\t<\/div>\n\t\t","protected":false},"excerpt":{"rendered":"<p>Frit efter H.C. Andersen Der var en gang en by, som havde f\u00e5et sit navn efter Kongen i landet. Midt i byen havde nogen opf\u00f8rt en h\u00e6slig mur og et grimt plankev\u00e6rk. Ingen kunne l\u00e6ngere huske hvorfor den h\u00e6slige mur var blevet bygget p\u00e5 netop dette sted. Man havde bare v\u00e6nnet sig til, at s\u00e5dan [&hellip;]<\/p>\n","protected":false},"author":1,"featured_media":0,"parent":0,"menu_order":0,"comment_status":"closed","ping_status":"closed","template":"","meta":{"footnotes":""},"class_list":["post-41","page","type-page","status-publish","hentry"],"_links":{"self":[{"href":"https:\/\/turbinehus.dk\/index.php?rest_route=\/wp\/v2\/pages\/41","targetHints":{"allow":["GET"]}}],"collection":[{"href":"https:\/\/turbinehus.dk\/index.php?rest_route=\/wp\/v2\/pages"}],"about":[{"href":"https:\/\/turbinehus.dk\/index.php?rest_route=\/wp\/v2\/types\/page"}],"author":[{"embeddable":true,"href":"https:\/\/turbinehus.dk\/index.php?rest_route=\/wp\/v2\/users\/1"}],"replies":[{"embeddable":true,"href":"https:\/\/turbinehus.dk\/index.php?rest_route=%2Fwp%2Fv2%2Fcomments&post=41"}],"version-history":[{"count":4,"href":"https:\/\/turbinehus.dk\/index.php?rest_route=\/wp\/v2\/pages\/41\/revisions"}],"predecessor-version":[{"id":49,"href":"https:\/\/turbinehus.dk\/index.php?rest_route=\/wp\/v2\/pages\/41\/revisions\/49"}],"wp:attachment":[{"href":"https:\/\/turbinehus.dk\/index.php?rest_route=%2Fwp%2Fv2%2Fmedia&parent=41"}],"curies":[{"name":"wp","href":"https:\/\/api.w.org\/{rel}","templated":true}]}}