{"id":25,"date":"2024-05-10T17:24:01","date_gmt":"2024-05-10T17:24:01","guid":{"rendered":"https:\/\/sundemaver.dk\/?page_id=25"},"modified":"2024-05-12T16:50:38","modified_gmt":"2024-05-12T16:50:38","slug":"forside","status":"publish","type":"page","link":"https:\/\/turbinehus.dk\/","title":{"rendered":"Forside"},"content":{"rendered":"\t\t<div data-elementor-type=\"wp-page\" data-elementor-id=\"25\" class=\"elementor elementor-25\" data-elementor-post-type=\"page\">\n\t\t\t\t<div class=\"elementor-element elementor-element-cf48259 e-con-full e-flex e-con e-parent\" data-id=\"cf48259\" data-element_type=\"container\">\n\t\t\t\t<div class=\"elementor-element elementor-element-9767db1 elementor-widget elementor-widget-image\" data-id=\"9767db1\" data-element_type=\"widget\" data-widget_type=\"image.default\">\n\t\t\t\t<div class=\"elementor-widget-container\">\n\t\t\t\t\t\t\t\t\t\t\t\t\t\t\t<img fetchpriority=\"high\" decoding=\"async\" width=\"1898\" height=\"597\" src=\"https:\/\/turbinehus.dk\/wp-content\/uploads\/2024\/05\/Top.jpg\" class=\"attachment-2048x2048 size-2048x2048 wp-image-27\" alt=\"\" srcset=\"https:\/\/turbinehus.dk\/wp-content\/uploads\/2024\/05\/Top.jpg 1898w, https:\/\/turbinehus.dk\/wp-content\/uploads\/2024\/05\/Top-300x94.jpg 300w, https:\/\/turbinehus.dk\/wp-content\/uploads\/2024\/05\/Top-1024x322.jpg 1024w, https:\/\/turbinehus.dk\/wp-content\/uploads\/2024\/05\/Top-768x242.jpg 768w, https:\/\/turbinehus.dk\/wp-content\/uploads\/2024\/05\/Top-1536x483.jpg 1536w\" sizes=\"(max-width: 1898px) 100vw, 1898px\" \/>\t\t\t\t\t\t\t\t\t\t\t\t\t\t\t<\/div>\n\t\t\t\t<\/div>\n\t\t\t\t<\/div>\n\t\t<div class=\"elementor-element elementor-element-ff2defb e-flex e-con-boxed e-con e-parent\" data-id=\"ff2defb\" data-element_type=\"container\">\n\t\t\t\t\t<div class=\"e-con-inner\">\n\t\t<div class=\"elementor-element elementor-element-8f8efc8 e-con-full e-flex e-con e-child\" data-id=\"8f8efc8\" data-element_type=\"container\">\n\t\t\t\t<div class=\"elementor-element elementor-element-3d20dff elementor-widget elementor-widget-heading\" data-id=\"3d20dff\" data-element_type=\"widget\" data-widget_type=\"heading.default\">\n\t\t\t\t<div class=\"elementor-widget-container\">\n\t\t\t\t\t<h2 class=\"elementor-heading-title elementor-size-default\">Velkommen til Turbinehuset<\/h2>\t\t\t\t<\/div>\n\t\t\t\t<\/div>\n\t\t\t\t<div class=\"elementor-element elementor-element-1cdf27e elementor-widget elementor-widget-heading\" data-id=\"1cdf27e\" data-element_type=\"widget\" data-widget_type=\"heading.default\">\n\t\t\t\t<div class=\"elementor-widget-container\">\n\t\t\t\t\t<h2 class=\"elementor-heading-title elementor-size-default\">Det lille gule hus<\/h2>\t\t\t\t<\/div>\n\t\t\t\t<\/div>\n\t\t\t\t<div class=\"elementor-element elementor-element-feb9bc1 elementor-widget elementor-widget-text-editor\" data-id=\"feb9bc1\" data-element_type=\"widget\" data-widget_type=\"text-editor.default\">\n\t\t\t\t<div class=\"elementor-widget-container\">\n\t\t\t\t\t\t\t\t\t<p>Midt i det centrale Frederiksv\u00e6rk ligger et lille gult hus, der i mange \u00e5r har ligget up\u00e5agtet hen. Huset er bygget tv\u00e6rs over en 300 \u00e5r gammel kunstigt gravet Kanal, der afvander Arres\u00f8en til Roskilde Fjord. Kanalens vandkraft\u00a0har i de forl\u00f8bne 300 \u00e5r v\u00e6ret brugt til at slibe, hamre, smede, bore, valse og sigte krudt, korn og meget mere.<\/p><p>Inde i Turbinehuset befinder der sig et gammelt turbine maskineri, der best\u00e5r af et stort svinghjul, en hydraulisk omdrejnings regulator, en 110 V magnetiserings dynamo, en 400 V vekselstr\u00f8ms generator, samt et elektrisk tavleanl\u00e6g. Skovlhjulet til turbinen mangler.\u00a0<\/p><p>Anl\u00e6gget er installeret i 1935 og har leveret elektrisk str\u00f8m til Anker Heegaards Fabrikker og dets efterf\u00f8lgere i en \u00e5rr\u00e6kke, men har ikke v\u00e6ret i brug i mere end et halv \u00e5rhundrede.<\/p><p>Anl\u00e6gget er af typen T.H. Maler, Horsens. Der blev i begyndelsen af 1900 tallet installeret snesevis s\u00e5danne vand turbiner i Danmark. Vores anl\u00e6g er det af samme type, som i 1919 blev installeret p\u00e5 Bindslev Gamle Elv\u00e6rk. Det v\u00e6rk blev restaureret i 2003 og fungere nu som museum, men producerer ikke str\u00f8m. De to anl\u00e6g er de eneste tilbage i Danmark.<\/p>\t\t\t\t\t\t\t\t<\/div>\n\t\t\t\t<\/div>\n\t\t\t\t<\/div>\n\t\t\t\t<div class=\"elementor-element elementor-element-04e3567 elementor-widget elementor-widget-image\" data-id=\"04e3567\" data-element_type=\"widget\" data-widget_type=\"image.default\">\n\t\t\t\t<div class=\"elementor-widget-container\">\n\t\t\t\t\t\t\t\t\t\t\t\t\t\t\t<img decoding=\"async\" width=\"433\" height=\"650\" src=\"https:\/\/turbinehus.dk\/wp-content\/uploads\/2024\/05\/Midt.jpg\" class=\"attachment-large size-large wp-image-28\" alt=\"\" srcset=\"https:\/\/turbinehus.dk\/wp-content\/uploads\/2024\/05\/Midt.jpg 433w, https:\/\/turbinehus.dk\/wp-content\/uploads\/2024\/05\/Midt-200x300.jpg 200w\" sizes=\"(max-width: 433px) 100vw, 433px\" \/>\t\t\t\t\t\t\t\t\t\t\t\t\t\t\t<\/div>\n\t\t\t\t<\/div>\n\t\t\t\t\t<\/div>\n\t\t\t\t<\/div>\n\t\t\t\t<\/div>\n\t\t","protected":false},"excerpt":{"rendered":"<p>Velkommen til Turbinehuset Det lille gule hus Midt i det centrale Frederiksv\u00e6rk ligger et lille gult hus, der i mange \u00e5r har ligget up\u00e5agtet hen. Huset er bygget tv\u00e6rs over en 300 \u00e5r gammel kunstigt gravet Kanal, der afvander Arres\u00f8en til Roskilde Fjord. Kanalens vandkraft\u00a0har i de forl\u00f8bne 300 \u00e5r v\u00e6ret brugt til at slibe, [&hellip;]<\/p>\n","protected":false},"author":1,"featured_media":0,"parent":0,"menu_order":0,"comment_status":"closed","ping_status":"closed","template":"elementor_header_footer","meta":{"footnotes":""},"class_list":["post-25","page","type-page","status-publish","hentry"],"_links":{"self":[{"href":"https:\/\/turbinehus.dk\/index.php?rest_route=\/wp\/v2\/pages\/25","targetHints":{"allow":["GET"]}}],"collection":[{"href":"https:\/\/turbinehus.dk\/index.php?rest_route=\/wp\/v2\/pages"}],"about":[{"href":"https:\/\/turbinehus.dk\/index.php?rest_route=\/wp\/v2\/types\/page"}],"author":[{"embeddable":true,"href":"https:\/\/turbinehus.dk\/index.php?rest_route=\/wp\/v2\/users\/1"}],"replies":[{"embeddable":true,"href":"https:\/\/turbinehus.dk\/index.php?rest_route=%2Fwp%2Fv2%2Fcomments&post=25"}],"version-history":[{"count":20,"href":"https:\/\/turbinehus.dk\/index.php?rest_route=\/wp\/v2\/pages\/25\/revisions"}],"predecessor-version":[{"id":180,"href":"https:\/\/turbinehus.dk\/index.php?rest_route=\/wp\/v2\/pages\/25\/revisions\/180"}],"wp:attachment":[{"href":"https:\/\/turbinehus.dk\/index.php?rest_route=%2Fwp%2Fv2%2Fmedia&parent=25"}],"curies":[{"name":"wp","href":"https:\/\/api.w.org\/{rel}","templated":true}]}}